{"id":26,"date":"2019-10-04T11:26:13","date_gmt":"2019-10-04T11:26:13","guid":{"rendered":"http:\/\/golden-fahrnau.de\/?page_id=26"},"modified":"2019-10-07T17:21:29","modified_gmt":"2019-10-07T17:21:29","slug":"simba-emperor-simba-vom-wiesentalidyll","status":"publish","type":"page","link":"http:\/\/lawn-valley.de\/?page_id=26","title":{"rendered":"Simba &#8211; Emperor Simba vom Wiesentalidyll"},"content":{"rendered":"\n<figure class=\"wp-block-image\"><img decoding=\"async\" loading=\"lazy\" width=\"1024\" height=\"683\" src=\"http:\/\/golden-fahrnau.de\/wp-content\/uploads\/2019\/10\/DSC_1023-1-1024x683.jpg\" alt=\"\" class=\"wp-image-29\" srcset=\"http:\/\/lawn-valley.de\/wp-content\/uploads\/2019\/10\/DSC_1023-1-1024x683.jpg 1024w, http:\/\/lawn-valley.de\/wp-content\/uploads\/2019\/10\/DSC_1023-1-300x200.jpg 300w, http:\/\/lawn-valley.de\/wp-content\/uploads\/2019\/10\/DSC_1023-1-768x512.jpg 768w\" sizes=\"(max-width: 1024px) 100vw, 1024px\" \/><\/figure>\n\n\n\n<p style=\"text-align:left\">Simba kam mit dem E-Wurf am 21.09.2010 von Karin Reichel zur Welt <a href=\"http:\/\/www.wiesentalidyll.de\">www.wiesentalidyll.de<\/a><\/p>\n\n\n\n<p><\/p>\n\n\n\n<figure class=\"wp-block-image\"><img decoding=\"async\" loading=\"lazy\" width=\"800\" height=\"537\" src=\"http:\/\/golden-fahrnau.de\/wp-content\/uploads\/2019\/10\/DSC_6319-800.jpg\" alt=\"\" class=\"wp-image-54\" srcset=\"http:\/\/lawn-valley.de\/wp-content\/uploads\/2019\/10\/DSC_6319-800.jpg 800w, http:\/\/lawn-valley.de\/wp-content\/uploads\/2019\/10\/DSC_6319-800-300x201.jpg 300w, http:\/\/lawn-valley.de\/wp-content\/uploads\/2019\/10\/DSC_6319-800-768x516.jpg 768w\" sizes=\"(max-width: 800px) 100vw, 800px\" \/><\/figure>\n\n\n\n<p><a href=\"https:\/\/drc.de\/adr\/listen\/show_druede.php?what=Hunde&amp;rvid=84674&amp;race=Golden%20Retriever\">https:\/\/drc.de\/adr\/listen\/show_druede.php?what=Hunde&amp;rvid=84674&amp;race=Golden%20Retriever<\/a><\/p>\n\n\n\n<figure class=\"wp-block-image\"><img decoding=\"async\" loading=\"lazy\" width=\"802\" height=\"462\" src=\"http:\/\/golden-fahrnau.de\/wp-content\/uploads\/2019\/10\/Pedigree_Simba.jpg\" alt=\"\" class=\"wp-image-56\" srcset=\"http:\/\/lawn-valley.de\/wp-content\/uploads\/2019\/10\/Pedigree_Simba.jpg 802w, http:\/\/lawn-valley.de\/wp-content\/uploads\/2019\/10\/Pedigree_Simba-300x173.jpg 300w, http:\/\/lawn-valley.de\/wp-content\/uploads\/2019\/10\/Pedigree_Simba-768x442.jpg 768w\" sizes=\"(max-width: 802px) 100vw, 802px\" \/><\/figure>\n\n\n\n<p>Nach der Welpenschule ging es weiter zum Begleithundekurs, Begleithundepr\u00fcfung und dann zur Dummyarbeit.<br>Anfangs meinte Simba, es reiche, wenn er hoch genug h\u00fcpft, die Dummies mit den Augen zu finden, aber er lernte, seine sch\u00f6ne Nase einzusetzen. Er arbeitet freudig und so haben wir uns dann auch an Working Tests gewagt.  Eine Bemerkung eines Richters zum Steward ist mir sehr im Ged\u00e4chtnis geblieben: &#8222;Sehen sie, das ist eine Showlinie. Aber er arbeitet gern und schnell. Das ist in Ordnung&#8220;<br>Also, f\u00fcr uns war das erste Blind in unserem gemeinsamen Leben an dem Tag mehr als in Ordnung. Es war drin! Und wir waren stolz!<\/p>\n\n\n\n<p><strong>21.09.2013 Workintest Silvaplana<\/strong><br>leider hatten wir eine 0 am Wasser, Simba war da noch in Ferien-Party-Meer-Stimmung, ansonsten waren wir sehr, sehr gut unterwegs<\/p>\n\n\n\n<p><strong>13.07.2013<br> Simba hat die APD\/A in Krauchenwies mit 70 Punkten und einem sehr  gut bestanden.<\/strong><br> Richterin: Petra Behringer<\/p>\n\n\n\n<p><strong>20.04.2013<br>Simbas allererster Workingtest: Schnupperklasse in Eywald Gantrisch: <\/strong> <br>4. Rang mit 108 Punkten<br>Richter: Iris Renner, Michael Renner, Detlef Heinrich<br>Simba: Du warst einfach klasse heute, es hat sehr viel Spa\u00df gemacht! <\/p>\n\n\n\n<p><strong>09.12.2012 Weihnachthsausstellung in  Olten<\/strong><br>sg in Offene Klasse<\/p>\n\n\n\n<p><strong>15.04.2012: 31. RCS Club Show in Burgdorf (Schweiz)V3 in Zwischenklasse<\/strong><\/p>\n\n\n\n<p><strong>18.02.2012 Begleithundepr\u00fcfung in  Breisach<\/strong><br>Wir haben die Begleithundepr\u00fcfung mit 70 Punbkten, sehr gut,  3. Platz bestanden<\/p>\n\n\n\n<p><strong>18.02.2012 Formwert in Breisach<\/strong>, Beate Ting<br>Simba bekommt ein V<br>Kleinerer, kompakter noch jugendlich wirkender 17 Monate alter R\u00fcde von  sehr ansprechendem Typ, anatomisch korrekt, gute Proportionen, sehr typvoller  Kopf, exzellente Fellanlage, viel Schub in der Bewegung mit sehr fr\u00f6hlich  getragener Rute, insgesamt w\u00fcrde ich mir einen etwas maskulineren Gesamteindruck  w\u00fcnschen. <\/p>\n\n\n\n<p> <strong>28.01.2012 Neujahrs-Spezial-Rassehundausstellung in  Herrenberg SG in<\/strong> Jugendklasse<\/p>\n\n\n\n<p><strong>11.12.2011 Weihnachtsausstellung Olten<\/strong><br>V in Jugendklasse <\/p>\n\n\n\n<p><strong>24.09.2011 Wesenstest in Reute<\/strong>, Richterin Brigitte Weber<br> &#8222;Der 12 Monate alte R\u00fcde hat ausgeglichenes Temperament, Bewegungs- und  Spielverhalten.<br> Er ist aufmerksam, hat Ausdauer bei eigenen Interessen.<br> An Beute ist er interessiert, tr\u00e4gt sie und tr\u00e4gt sie teilweise zu.<br> Die Bindung an seine Besitzerin ist sehr gut und vertrauensvoll, er ist  unterordnungsbereit.<br> Menschen gegen\u00fcber ist er freundlich und sicher, die einenegenden  Situationen sind problemlos.<br> Beim Schuss sicher.<br> Die optischen und akustischen Reize des Parcours schaut er sich mit  seiner F\u00fchrerin zusammen an. Den agierenden Menschen gegen\u00fcber ist er  zun\u00e4chst etwas misstrauisch&#8220;  <\/p>\n\n\n\n<p><strong>17.09.2011 Spezial-Rassehunde-Ausstellung Winnenden<br> <\/strong>V in Jugendklasse<\/p>\n\n\n\n<ul class=\"is-layout-flex wp-block-gallery-1 wp-block-gallery columns-3 is-cropped\"><li class=\"blocks-gallery-item\"><figure><img decoding=\"async\" loading=\"lazy\" width=\"720\" height=\"891\" src=\"http:\/\/golden-fahrnau.de\/wp-content\/uploads\/2019\/10\/DSC_0111_800.jpg\" alt=\"\" data-id=\"60\" data-link=\"http:\/\/golden-fahrnau.de\/?attachment_id=60\" class=\"wp-image-60\" srcset=\"http:\/\/lawn-valley.de\/wp-content\/uploads\/2019\/10\/DSC_0111_800.jpg 720w, http:\/\/lawn-valley.de\/wp-content\/uploads\/2019\/10\/DSC_0111_800-242x300.jpg 242w\" sizes=\"(max-width: 720px) 100vw, 720px\" \/><\/figure><\/li><li class=\"blocks-gallery-item\"><figure><img decoding=\"async\" loading=\"lazy\" width=\"320\" height=\"480\" src=\"http:\/\/golden-fahrnau.de\/wp-content\/uploads\/2019\/10\/Foto-PLSSVU3T.jpg\" alt=\"\" data-id=\"61\" data-link=\"http:\/\/golden-fahrnau.de\/?attachment_id=61\" class=\"wp-image-61\" srcset=\"http:\/\/lawn-valley.de\/wp-content\/uploads\/2019\/10\/Foto-PLSSVU3T.jpg 320w, http:\/\/lawn-valley.de\/wp-content\/uploads\/2019\/10\/Foto-PLSSVU3T-200x300.jpg 200w\" sizes=\"(max-width: 320px) 100vw, 320px\" \/><\/figure><\/li><li class=\"blocks-gallery-item\"><figure><img decoding=\"async\" loading=\"lazy\" width=\"1024\" height=\"899\" src=\"http:\/\/golden-fahrnau.de\/wp-content\/uploads\/2019\/10\/DSC_4983-1024x899.jpg\" alt=\"\" data-id=\"62\" data-link=\"http:\/\/golden-fahrnau.de\/?attachment_id=62\" class=\"wp-image-62\" srcset=\"http:\/\/lawn-valley.de\/wp-content\/uploads\/2019\/10\/DSC_4983-1024x899.jpg 1024w, http:\/\/lawn-valley.de\/wp-content\/uploads\/2019\/10\/DSC_4983-300x263.jpg 300w, http:\/\/lawn-valley.de\/wp-content\/uploads\/2019\/10\/DSC_4983-768x674.jpg 768w\" sizes=\"(max-width: 1024px) 100vw, 1024px\" \/><\/figure><\/li><li class=\"blocks-gallery-item\"><figure><img decoding=\"async\" loading=\"lazy\" width=\"1024\" height=\"683\" src=\"http:\/\/golden-fahrnau.de\/wp-content\/uploads\/2019\/10\/DSC_1641-1024x683.jpg\" alt=\"\" data-id=\"66\" data-link=\"http:\/\/golden-fahrnau.de\/?attachment_id=66\" class=\"wp-image-66\" srcset=\"http:\/\/lawn-valley.de\/wp-content\/uploads\/2019\/10\/DSC_1641-1024x683.jpg 1024w, http:\/\/lawn-valley.de\/wp-content\/uploads\/2019\/10\/DSC_1641-300x200.jpg 300w, http:\/\/lawn-valley.de\/wp-content\/uploads\/2019\/10\/DSC_1641-768x512.jpg 768w\" sizes=\"(max-width: 1024px) 100vw, 1024px\" \/><\/figure><\/li><li class=\"blocks-gallery-item\"><figure><img decoding=\"async\" loading=\"lazy\" width=\"683\" height=\"1024\" src=\"http:\/\/golden-fahrnau.de\/wp-content\/uploads\/2019\/10\/DSC_0877-683x1024.jpg\" alt=\"\" data-id=\"68\" data-link=\"http:\/\/golden-fahrnau.de\/?attachment_id=68\" class=\"wp-image-68\" srcset=\"http:\/\/lawn-valley.de\/wp-content\/uploads\/2019\/10\/DSC_0877-683x1024.jpg 683w, http:\/\/lawn-valley.de\/wp-content\/uploads\/2019\/10\/DSC_0877-200x300.jpg 200w, http:\/\/lawn-valley.de\/wp-content\/uploads\/2019\/10\/DSC_0877-768x1152.jpg 768w\" sizes=\"(max-width: 683px) 100vw, 683px\" \/><\/figure><\/li><li class=\"blocks-gallery-item\"><figure><img decoding=\"async\" loading=\"lazy\" width=\"1024\" height=\"687\" src=\"http:\/\/golden-fahrnau.de\/wp-content\/uploads\/2019\/10\/DSC_6330-1024x687.jpg\" alt=\"\" data-id=\"57\" data-link=\"http:\/\/golden-fahrnau.de\/?attachment_id=57\" class=\"wp-image-57\" srcset=\"http:\/\/lawn-valley.de\/wp-content\/uploads\/2019\/10\/DSC_6330-1024x687.jpg 1024w, http:\/\/lawn-valley.de\/wp-content\/uploads\/2019\/10\/DSC_6330-300x201.jpg 300w, http:\/\/lawn-valley.de\/wp-content\/uploads\/2019\/10\/DSC_6330-768x516.jpg 768w\" sizes=\"(max-width: 1024px) 100vw, 1024px\" \/><\/figure><\/li><li class=\"blocks-gallery-item\"><figure><img decoding=\"async\" loading=\"lazy\" width=\"1024\" height=\"687\" src=\"http:\/\/golden-fahrnau.de\/wp-content\/uploads\/2019\/10\/DSC_6335-1024x687.jpg\" alt=\"\" data-id=\"58\" data-link=\"http:\/\/golden-fahrnau.de\/?attachment_id=58\" class=\"wp-image-58\" srcset=\"http:\/\/lawn-valley.de\/wp-content\/uploads\/2019\/10\/DSC_6335-1024x687.jpg 1024w, http:\/\/lawn-valley.de\/wp-content\/uploads\/2019\/10\/DSC_6335-300x201.jpg 300w, http:\/\/lawn-valley.de\/wp-content\/uploads\/2019\/10\/DSC_6335-768x516.jpg 768w\" sizes=\"(max-width: 1024px) 100vw, 1024px\" \/><\/figure><\/li><li class=\"blocks-gallery-item\"><figure><img decoding=\"async\" loading=\"lazy\" width=\"1024\" height=\"687\" src=\"http:\/\/golden-fahrnau.de\/wp-content\/uploads\/2019\/10\/DSC_6343-1024x687.jpg\" alt=\"\" data-id=\"59\" data-link=\"http:\/\/golden-fahrnau.de\/?attachment_id=59\" class=\"wp-image-59\" srcset=\"http:\/\/lawn-valley.de\/wp-content\/uploads\/2019\/10\/DSC_6343-1024x687.jpg 1024w, http:\/\/lawn-valley.de\/wp-content\/uploads\/2019\/10\/DSC_6343-300x201.jpg 300w, http:\/\/lawn-valley.de\/wp-content\/uploads\/2019\/10\/DSC_6343-768x516.jpg 768w\" sizes=\"(max-width: 1024px) 100vw, 1024px\" \/><\/figure><\/li><li class=\"blocks-gallery-item\"><figure><img decoding=\"async\" loading=\"lazy\" width=\"1024\" height=\"683\" src=\"http:\/\/golden-fahrnau.de\/wp-content\/uploads\/2019\/10\/20130609-DD6A4447-1024x683.jpg\" alt=\"\" data-id=\"64\" data-link=\"http:\/\/golden-fahrnau.de\/?attachment_id=64\" class=\"wp-image-64\" srcset=\"http:\/\/lawn-valley.de\/wp-content\/uploads\/2019\/10\/20130609-DD6A4447-1024x683.jpg 1024w, http:\/\/lawn-valley.de\/wp-content\/uploads\/2019\/10\/20130609-DD6A4447-300x200.jpg 300w, http:\/\/lawn-valley.de\/wp-content\/uploads\/2019\/10\/20130609-DD6A4447-768x512.jpg 768w\" sizes=\"(max-width: 1024px) 100vw, 1024px\" \/><\/figure><\/li><\/ul>\n\n\n<p><!--EndFragment--><\/p>","protected":false},"excerpt":{"rendered":"<p>Simba kam mit dem E-Wurf am 21.09.2010 von Karin Reichel zur Welt www.wiesentalidyll.de https:\/\/drc.de\/adr\/listen\/show_druede.php?what=Hunde&amp;rvid=84674&amp;race=Golden%20Retriever Nach der Welpenschule ging es weiter zum Begleithundekurs, Begleithundepr\u00fcfung und dann zur Dummyarbeit.Anfangs meinte Simba, es reiche, wenn er hoch genug h\u00fcpft, die Dummies mit den Augen zu finden, aber er lernte, seine sch\u00f6ne Nase einzusetzen. Er arbeitet freudig und so haben wir uns dann auch an Working Tests gewagt. Eine Bemerkung eines Richters zum Steward ist mir sehr im Ged\u00e4chtnis geblieben: &#8222;Sehen sie, das ist&#8230;<\/p>\n<p class=\"read-more\"><a class=\"btn btn-default\" href=\"http:\/\/lawn-valley.de\/?page_id=26\">Weiterlesen<span class=\"screen-reader-text\"> Weiterlesen<\/span><\/a><\/p>\n","protected":false},"author":1,"featured_media":0,"parent":0,"menu_order":0,"comment_status":"closed","ping_status":"closed","template":"","meta":[],"_links":{"self":[{"href":"http:\/\/lawn-valley.de\/index.php?rest_route=\/wp\/v2\/pages\/26"}],"collection":[{"href":"http:\/\/lawn-valley.de\/index.php?rest_route=\/wp\/v2\/pages"}],"about":[{"href":"http:\/\/lawn-valley.de\/index.php?rest_route=\/wp\/v2\/types\/page"}],"author":[{"embeddable":true,"href":"http:\/\/lawn-valley.de\/index.php?rest_route=\/wp\/v2\/users\/1"}],"replies":[{"embeddable":true,"href":"http:\/\/lawn-valley.de\/index.php?rest_route=%2Fwp%2Fv2%2Fcomments&post=26"}],"version-history":[{"count":10,"href":"http:\/\/lawn-valley.de\/index.php?rest_route=\/wp\/v2\/pages\/26\/revisions"}],"predecessor-version":[{"id":71,"href":"http:\/\/lawn-valley.de\/index.php?rest_route=\/wp\/v2\/pages\/26\/revisions\/71"}],"wp:attachment":[{"href":"http:\/\/lawn-valley.de\/index.php?rest_route=%2Fwp%2Fv2%2Fmedia&parent=26"}],"curies":[{"name":"wp","href":"https:\/\/api.w.org\/{rel}","templated":true}]}}