{"id":44,"date":"2019-10-04T11:46:22","date_gmt":"2019-10-04T11:46:22","guid":{"rendered":"http:\/\/golden-fahrnau.de\/?page_id=44"},"modified":"2020-12-31T11:13:56","modified_gmt":"2020-12-31T11:13:56","slug":"balu","status":"publish","type":"page","link":"http:\/\/lawn-valley.de\/?page_id=44","title":{"rendered":"Balu"},"content":{"rendered":"\n<figure class=\"wp-block-image size-large\"><img decoding=\"async\" loading=\"lazy\" width=\"751\" height=\"503\" src=\"http:\/\/lawn-valley.de\/wp-content\/uploads\/2020\/12\/DSC_7891.jpg\" alt=\"\" class=\"wp-image-142\" srcset=\"http:\/\/lawn-valley.de\/wp-content\/uploads\/2020\/12\/DSC_7891.jpg 751w, http:\/\/lawn-valley.de\/wp-content\/uploads\/2020\/12\/DSC_7891-300x201.jpg 300w\" sizes=\"(max-width: 751px) 100vw, 751px\" \/><\/figure>\n\n\n\n<p>Balu ist unser erster Hund.<br>Er ist ein verschmuster, unkomplizierter und verspielter B\u00e4r, der ab und an seinen eigenen Kopf hat. Er ist Menschen und Hunden gegen\u00fcber freundlich, Konfrontationen mit &#8222;unp\u00e4sslichen&#8220; Hunden geht er aus dem Weg.<br>F\u00fcr Simba ist er der gro\u00dfe &#8222;Bruder&#8220;, der sich gerne und jederzeit auf Raufen, Spielen und Toben einl\u00e4sst. Manchmal muss er den Kleinen in seine Schranken weisen, was er jedoch auf souver\u00e4ne und r\u00fccksichtsvolle Art macht. Noch ist er der Chef bei den beiden&#8230;..<br>Seine Familie geht ihm \u00fcber alles, und das zeigt er dann schon einmal mit einem energischen WUFF an, getreu nach dem Goldi-Prinzip: &#8222;Meine Familie, mein Haus, mein Garten&#8220;.<br>Ein Goldi zum Liebhaben!<\/p>\n\n\n\n<figure class=\"is-layout-flex wp-block-gallery-1 wp-block-gallery columns-3 is-cropped\"><ul class=\"blocks-gallery-grid\"><li class=\"blocks-gallery-item\"><figure><img decoding=\"async\" loading=\"lazy\" width=\"688\" height=\"1024\" src=\"http:\/\/lawn-valley.de\/wp-content\/uploads\/2020\/12\/DSC_2183-1024-688x1024.jpg\" alt=\"\" data-id=\"146\" data-full-url=\"http:\/\/lawn-valley.de\/wp-content\/uploads\/2020\/12\/DSC_2183-1024.jpg\" data-link=\"http:\/\/lawn-valley.de\/?attachment_id=146\" class=\"wp-image-146\" srcset=\"http:\/\/lawn-valley.de\/wp-content\/uploads\/2020\/12\/DSC_2183-1024-688x1024.jpg 688w, http:\/\/lawn-valley.de\/wp-content\/uploads\/2020\/12\/DSC_2183-1024-201x300.jpg 201w, http:\/\/lawn-valley.de\/wp-content\/uploads\/2020\/12\/DSC_2183-1024-768x1144.jpg 768w, http:\/\/lawn-valley.de\/wp-content\/uploads\/2020\/12\/DSC_2183-1024.jpg 1024w\" sizes=\"(max-width: 688px) 100vw, 688px\" \/><\/figure><\/li><li class=\"blocks-gallery-item\"><figure><img decoding=\"async\" loading=\"lazy\" width=\"1024\" height=\"687\" src=\"http:\/\/lawn-valley.de\/wp-content\/uploads\/2020\/12\/DSC_2202-1024x687.jpg\" alt=\"\" data-id=\"147\" data-full-url=\"http:\/\/lawn-valley.de\/wp-content\/uploads\/2020\/12\/DSC_2202-scaled.jpg\" data-link=\"http:\/\/lawn-valley.de\/?attachment_id=147\" class=\"wp-image-147\" srcset=\"http:\/\/lawn-valley.de\/wp-content\/uploads\/2020\/12\/DSC_2202-1024x687.jpg 1024w, http:\/\/lawn-valley.de\/wp-content\/uploads\/2020\/12\/DSC_2202-300x201.jpg 300w, http:\/\/lawn-valley.de\/wp-content\/uploads\/2020\/12\/DSC_2202-768x516.jpg 768w, http:\/\/lawn-valley.de\/wp-content\/uploads\/2020\/12\/DSC_2202-1536x1031.jpg 1536w, http:\/\/lawn-valley.de\/wp-content\/uploads\/2020\/12\/DSC_2202-2048x1375.jpg 2048w\" sizes=\"(max-width: 1024px) 100vw, 1024px\" \/><\/figure><\/li><li class=\"blocks-gallery-item\"><figure><img decoding=\"async\" loading=\"lazy\" width=\"1024\" height=\"768\" src=\"http:\/\/lawn-valley.de\/wp-content\/uploads\/2020\/12\/Balu_23.jpg\" alt=\"\" data-id=\"148\" data-full-url=\"http:\/\/lawn-valley.de\/wp-content\/uploads\/2020\/12\/Balu_23.jpg\" data-link=\"http:\/\/lawn-valley.de\/?attachment_id=148\" class=\"wp-image-148\" srcset=\"http:\/\/lawn-valley.de\/wp-content\/uploads\/2020\/12\/Balu_23.jpg 1024w, http:\/\/lawn-valley.de\/wp-content\/uploads\/2020\/12\/Balu_23-300x225.jpg 300w, http:\/\/lawn-valley.de\/wp-content\/uploads\/2020\/12\/Balu_23-768x576.jpg 768w\" sizes=\"(max-width: 1024px) 100vw, 1024px\" \/><\/figure><\/li><li class=\"blocks-gallery-item\"><figure><img decoding=\"async\" loading=\"lazy\" width=\"687\" height=\"1024\" src=\"http:\/\/lawn-valley.de\/wp-content\/uploads\/2020\/12\/DSC_2238-687x1024.jpg\" alt=\"\" data-id=\"149\" data-full-url=\"http:\/\/lawn-valley.de\/wp-content\/uploads\/2020\/12\/DSC_2238-scaled.jpg\" data-link=\"http:\/\/lawn-valley.de\/?attachment_id=149\" class=\"wp-image-149\" srcset=\"http:\/\/lawn-valley.de\/wp-content\/uploads\/2020\/12\/DSC_2238-687x1024.jpg 687w, http:\/\/lawn-valley.de\/wp-content\/uploads\/2020\/12\/DSC_2238-201x300.jpg 201w, http:\/\/lawn-valley.de\/wp-content\/uploads\/2020\/12\/DSC_2238-768x1144.jpg 768w, http:\/\/lawn-valley.de\/wp-content\/uploads\/2020\/12\/DSC_2238-1031x1536.jpg 1031w, http:\/\/lawn-valley.de\/wp-content\/uploads\/2020\/12\/DSC_2238-1375x2048.jpg 1375w, http:\/\/lawn-valley.de\/wp-content\/uploads\/2020\/12\/DSC_2238-scaled.jpg 1718w\" sizes=\"(max-width: 687px) 100vw, 687px\" \/><\/figure><\/li><li class=\"blocks-gallery-item\"><figure><img decoding=\"async\" loading=\"lazy\" width=\"1024\" height=\"687\" src=\"http:\/\/lawn-valley.de\/wp-content\/uploads\/2020\/12\/DSC_3626-1024x687.jpg\" alt=\"\" data-id=\"150\" data-full-url=\"http:\/\/lawn-valley.de\/wp-content\/uploads\/2020\/12\/DSC_3626-scaled.jpg\" data-link=\"http:\/\/lawn-valley.de\/?attachment_id=150\" class=\"wp-image-150\" srcset=\"http:\/\/lawn-valley.de\/wp-content\/uploads\/2020\/12\/DSC_3626-1024x687.jpg 1024w, http:\/\/lawn-valley.de\/wp-content\/uploads\/2020\/12\/DSC_3626-300x201.jpg 300w, http:\/\/lawn-valley.de\/wp-content\/uploads\/2020\/12\/DSC_3626-768x516.jpg 768w, http:\/\/lawn-valley.de\/wp-content\/uploads\/2020\/12\/DSC_3626-1536x1031.jpg 1536w, http:\/\/lawn-valley.de\/wp-content\/uploads\/2020\/12\/DSC_3626-2048x1375.jpg 2048w\" sizes=\"(max-width: 1024px) 100vw, 1024px\" \/><\/figure><\/li><li class=\"blocks-gallery-item\"><figure><img decoding=\"async\" loading=\"lazy\" width=\"1024\" height=\"687\" src=\"http:\/\/lawn-valley.de\/wp-content\/uploads\/2020\/12\/DSC_4001-1024x687.jpg\" alt=\"\" data-id=\"151\" data-full-url=\"http:\/\/lawn-valley.de\/wp-content\/uploads\/2020\/12\/DSC_4001-scaled.jpg\" data-link=\"http:\/\/lawn-valley.de\/?attachment_id=151\" class=\"wp-image-151\" srcset=\"http:\/\/lawn-valley.de\/wp-content\/uploads\/2020\/12\/DSC_4001-1024x687.jpg 1024w, http:\/\/lawn-valley.de\/wp-content\/uploads\/2020\/12\/DSC_4001-300x201.jpg 300w, http:\/\/lawn-valley.de\/wp-content\/uploads\/2020\/12\/DSC_4001-768x516.jpg 768w, http:\/\/lawn-valley.de\/wp-content\/uploads\/2020\/12\/DSC_4001-1536x1031.jpg 1536w, http:\/\/lawn-valley.de\/wp-content\/uploads\/2020\/12\/DSC_4001-2048x1375.jpg 2048w\" sizes=\"(max-width: 1024px) 100vw, 1024px\" \/><\/figure><\/li><li class=\"blocks-gallery-item\"><figure><img decoding=\"async\" loading=\"lazy\" width=\"750\" height=\"503\" src=\"http:\/\/lawn-valley.de\/wp-content\/uploads\/2020\/12\/DSC_4114.jpg\" alt=\"\" data-id=\"145\" data-full-url=\"http:\/\/lawn-valley.de\/wp-content\/uploads\/2020\/12\/DSC_4114.jpg\" data-link=\"http:\/\/lawn-valley.de\/?attachment_id=145\" class=\"wp-image-145\" srcset=\"http:\/\/lawn-valley.de\/wp-content\/uploads\/2020\/12\/DSC_4114.jpg 750w, http:\/\/lawn-valley.de\/wp-content\/uploads\/2020\/12\/DSC_4114-300x201.jpg 300w\" sizes=\"(max-width: 750px) 100vw, 750px\" \/><\/figure><\/li><li class=\"blocks-gallery-item\"><figure><img decoding=\"async\" loading=\"lazy\" width=\"1024\" height=\"687\" src=\"http:\/\/lawn-valley.de\/wp-content\/uploads\/2020\/12\/DSC_4127-1024x687.jpg\" alt=\"\" data-id=\"152\" data-full-url=\"http:\/\/lawn-valley.de\/wp-content\/uploads\/2020\/12\/DSC_4127-scaled.jpg\" data-link=\"http:\/\/lawn-valley.de\/?attachment_id=152\" class=\"wp-image-152\" srcset=\"http:\/\/lawn-valley.de\/wp-content\/uploads\/2020\/12\/DSC_4127-1024x687.jpg 1024w, http:\/\/lawn-valley.de\/wp-content\/uploads\/2020\/12\/DSC_4127-300x201.jpg 300w, http:\/\/lawn-valley.de\/wp-content\/uploads\/2020\/12\/DSC_4127-768x516.jpg 768w, http:\/\/lawn-valley.de\/wp-content\/uploads\/2020\/12\/DSC_4127-1536x1031.jpg 1536w, http:\/\/lawn-valley.de\/wp-content\/uploads\/2020\/12\/DSC_4127-2048x1375.jpg 2048w\" sizes=\"(max-width: 1024px) 100vw, 1024px\" \/><\/figure><\/li><li class=\"blocks-gallery-item\"><figure><img decoding=\"async\" loading=\"lazy\" width=\"687\" height=\"1024\" src=\"http:\/\/lawn-valley.de\/wp-content\/uploads\/2020\/12\/DSC_5140-687x1024.jpg\" alt=\"\" data-id=\"153\" data-full-url=\"http:\/\/lawn-valley.de\/wp-content\/uploads\/2020\/12\/DSC_5140-scaled.jpg\" data-link=\"http:\/\/lawn-valley.de\/?attachment_id=153\" class=\"wp-image-153\" srcset=\"http:\/\/lawn-valley.de\/wp-content\/uploads\/2020\/12\/DSC_5140-687x1024.jpg 687w, http:\/\/lawn-valley.de\/wp-content\/uploads\/2020\/12\/DSC_5140-201x300.jpg 201w, http:\/\/lawn-valley.de\/wp-content\/uploads\/2020\/12\/DSC_5140-768x1144.jpg 768w, http:\/\/lawn-valley.de\/wp-content\/uploads\/2020\/12\/DSC_5140-1031x1536.jpg 1031w, http:\/\/lawn-valley.de\/wp-content\/uploads\/2020\/12\/DSC_5140-1375x2048.jpg 1375w, http:\/\/lawn-valley.de\/wp-content\/uploads\/2020\/12\/DSC_5140-scaled.jpg 1718w\" sizes=\"(max-width: 687px) 100vw, 687px\" \/><\/figure><\/li><li class=\"blocks-gallery-item\"><figure><img decoding=\"async\" loading=\"lazy\" width=\"1024\" height=\"685\" src=\"http:\/\/lawn-valley.de\/wp-content\/uploads\/2020\/12\/DSC_6200-1024x685.jpg\" alt=\"\" data-id=\"154\" data-full-url=\"http:\/\/lawn-valley.de\/wp-content\/uploads\/2020\/12\/DSC_6200-scaled.jpg\" data-link=\"http:\/\/lawn-valley.de\/?attachment_id=154\" class=\"wp-image-154\" srcset=\"http:\/\/lawn-valley.de\/wp-content\/uploads\/2020\/12\/DSC_6200-1024x685.jpg 1024w, http:\/\/lawn-valley.de\/wp-content\/uploads\/2020\/12\/DSC_6200-300x201.jpg 300w, http:\/\/lawn-valley.de\/wp-content\/uploads\/2020\/12\/DSC_6200-768x514.jpg 768w, http:\/\/lawn-valley.de\/wp-content\/uploads\/2020\/12\/DSC_6200-1536x1028.jpg 1536w, http:\/\/lawn-valley.de\/wp-content\/uploads\/2020\/12\/DSC_6200-2048x1371.jpg 2048w\" sizes=\"(max-width: 1024px) 100vw, 1024px\" \/><\/figure><\/li><li class=\"blocks-gallery-item\"><figure><img decoding=\"async\" loading=\"lazy\" width=\"1024\" height=\"685\" src=\"http:\/\/lawn-valley.de\/wp-content\/uploads\/2020\/12\/DSC_6256-1024x685.jpg\" alt=\"\" data-id=\"155\" data-full-url=\"http:\/\/lawn-valley.de\/wp-content\/uploads\/2020\/12\/DSC_6256-scaled.jpg\" data-link=\"http:\/\/lawn-valley.de\/?attachment_id=155\" class=\"wp-image-155\" srcset=\"http:\/\/lawn-valley.de\/wp-content\/uploads\/2020\/12\/DSC_6256-1024x685.jpg 1024w, http:\/\/lawn-valley.de\/wp-content\/uploads\/2020\/12\/DSC_6256-300x201.jpg 300w, http:\/\/lawn-valley.de\/wp-content\/uploads\/2020\/12\/DSC_6256-768x514.jpg 768w, http:\/\/lawn-valley.de\/wp-content\/uploads\/2020\/12\/DSC_6256-1536x1028.jpg 1536w, http:\/\/lawn-valley.de\/wp-content\/uploads\/2020\/12\/DSC_6256-2048x1371.jpg 2048w\" sizes=\"(max-width: 1024px) 100vw, 1024px\" \/><\/figure><\/li><li class=\"blocks-gallery-item\"><figure><img decoding=\"async\" loading=\"lazy\" width=\"1024\" height=\"687\" src=\"http:\/\/lawn-valley.de\/wp-content\/uploads\/2020\/12\/DSC_8012-1024x687.jpg\" alt=\"\" data-id=\"156\" data-full-url=\"http:\/\/lawn-valley.de\/wp-content\/uploads\/2020\/12\/DSC_8012-scaled.jpg\" data-link=\"http:\/\/lawn-valley.de\/?attachment_id=156\" class=\"wp-image-156\" srcset=\"http:\/\/lawn-valley.de\/wp-content\/uploads\/2020\/12\/DSC_8012-1024x687.jpg 1024w, http:\/\/lawn-valley.de\/wp-content\/uploads\/2020\/12\/DSC_8012-300x201.jpg 300w, http:\/\/lawn-valley.de\/wp-content\/uploads\/2020\/12\/DSC_8012-768x516.jpg 768w, http:\/\/lawn-valley.de\/wp-content\/uploads\/2020\/12\/DSC_8012-1536x1031.jpg 1536w, http:\/\/lawn-valley.de\/wp-content\/uploads\/2020\/12\/DSC_8012-2048x1375.jpg 2048w\" sizes=\"(max-width: 1024px) 100vw, 1024px\" \/><\/figure><\/li><li class=\"blocks-gallery-item\"><figure><img decoding=\"async\" loading=\"lazy\" width=\"1024\" height=\"683\" src=\"http:\/\/lawn-valley.de\/wp-content\/uploads\/2020\/12\/DSC_0022-1024x683.jpg\" alt=\"\" data-id=\"157\" data-full-url=\"http:\/\/lawn-valley.de\/wp-content\/uploads\/2020\/12\/DSC_0022-scaled.jpg\" data-link=\"http:\/\/lawn-valley.de\/?attachment_id=157\" class=\"wp-image-157\" srcset=\"http:\/\/lawn-valley.de\/wp-content\/uploads\/2020\/12\/DSC_0022-1024x683.jpg 1024w, http:\/\/lawn-valley.de\/wp-content\/uploads\/2020\/12\/DSC_0022-300x200.jpg 300w, http:\/\/lawn-valley.de\/wp-content\/uploads\/2020\/12\/DSC_0022-768x512.jpg 768w, http:\/\/lawn-valley.de\/wp-content\/uploads\/2020\/12\/DSC_0022-1536x1024.jpg 1536w, http:\/\/lawn-valley.de\/wp-content\/uploads\/2020\/12\/DSC_0022-2048x1365.jpg 2048w\" sizes=\"(max-width: 1024px) 100vw, 1024px\" \/><\/figure><\/li><li class=\"blocks-gallery-item\"><figure><img decoding=\"async\" loading=\"lazy\" width=\"683\" height=\"1024\" src=\"http:\/\/lawn-valley.de\/wp-content\/uploads\/2020\/12\/20130609-DD6A4427-683x1024.jpg\" alt=\"\" data-id=\"159\" data-full-url=\"http:\/\/lawn-valley.de\/wp-content\/uploads\/2020\/12\/20130609-DD6A4427-scaled.jpg\" data-link=\"http:\/\/lawn-valley.de\/?attachment_id=159\" class=\"wp-image-159\" srcset=\"http:\/\/lawn-valley.de\/wp-content\/uploads\/2020\/12\/20130609-DD6A4427-683x1024.jpg 683w, http:\/\/lawn-valley.de\/wp-content\/uploads\/2020\/12\/20130609-DD6A4427-200x300.jpg 200w, http:\/\/lawn-valley.de\/wp-content\/uploads\/2020\/12\/20130609-DD6A4427-768x1152.jpg 768w, http:\/\/lawn-valley.de\/wp-content\/uploads\/2020\/12\/20130609-DD6A4427-1024x1536.jpg 1024w, http:\/\/lawn-valley.de\/wp-content\/uploads\/2020\/12\/20130609-DD6A4427-1365x2048.jpg 1365w, http:\/\/lawn-valley.de\/wp-content\/uploads\/2020\/12\/20130609-DD6A4427-scaled.jpg 1707w\" sizes=\"(max-width: 683px) 100vw, 683px\" \/><\/figure><\/li><li class=\"blocks-gallery-item\"><figure><img decoding=\"async\" loading=\"lazy\" width=\"751\" height=\"503\" src=\"http:\/\/lawn-valley.de\/wp-content\/uploads\/2020\/12\/DSC_7891.jpg\" alt=\"\" data-id=\"142\" data-full-url=\"http:\/\/lawn-valley.de\/wp-content\/uploads\/2020\/12\/DSC_7891.jpg\" data-link=\"http:\/\/lawn-valley.de\/?attachment_id=142\" class=\"wp-image-142\" srcset=\"http:\/\/lawn-valley.de\/wp-content\/uploads\/2020\/12\/DSC_7891.jpg 751w, http:\/\/lawn-valley.de\/wp-content\/uploads\/2020\/12\/DSC_7891-300x201.jpg 300w\" sizes=\"(max-width: 751px) 100vw, 751px\" \/><\/figure><\/li><li class=\"blocks-gallery-item\"><figure><img decoding=\"async\" loading=\"lazy\" width=\"1024\" height=\"687\" src=\"http:\/\/lawn-valley.de\/wp-content\/uploads\/2020\/12\/DSC_2694-1024x687.jpg\" alt=\"\" data-id=\"160\" data-full-url=\"http:\/\/lawn-valley.de\/wp-content\/uploads\/2020\/12\/DSC_2694-scaled.jpg\" data-link=\"http:\/\/lawn-valley.de\/?attachment_id=160\" class=\"wp-image-160\" srcset=\"http:\/\/lawn-valley.de\/wp-content\/uploads\/2020\/12\/DSC_2694-1024x687.jpg 1024w, http:\/\/lawn-valley.de\/wp-content\/uploads\/2020\/12\/DSC_2694-300x201.jpg 300w, http:\/\/lawn-valley.de\/wp-content\/uploads\/2020\/12\/DSC_2694-768x516.jpg 768w, http:\/\/lawn-valley.de\/wp-content\/uploads\/2020\/12\/DSC_2694-1536x1031.jpg 1536w, http:\/\/lawn-valley.de\/wp-content\/uploads\/2020\/12\/DSC_2694-2048x1375.jpg 2048w\" sizes=\"(max-width: 1024px) 100vw, 1024px\" \/><\/figure><\/li><li class=\"blocks-gallery-item\"><figure><img decoding=\"async\" loading=\"lazy\" width=\"687\" height=\"1024\" src=\"http:\/\/lawn-valley.de\/wp-content\/uploads\/2020\/12\/BaluWeihnachten-687x1024.jpg\" alt=\"\" data-id=\"144\" data-full-url=\"http:\/\/lawn-valley.de\/wp-content\/uploads\/2020\/12\/BaluWeihnachten-scaled.jpg\" data-link=\"http:\/\/lawn-valley.de\/?attachment_id=144\" class=\"wp-image-144\" srcset=\"http:\/\/lawn-valley.de\/wp-content\/uploads\/2020\/12\/BaluWeihnachten-687x1024.jpg 687w, http:\/\/lawn-valley.de\/wp-content\/uploads\/2020\/12\/BaluWeihnachten-201x300.jpg 201w, http:\/\/lawn-valley.de\/wp-content\/uploads\/2020\/12\/BaluWeihnachten-768x1144.jpg 768w, http:\/\/lawn-valley.de\/wp-content\/uploads\/2020\/12\/BaluWeihnachten-1031x1536.jpg 1031w, http:\/\/lawn-valley.de\/wp-content\/uploads\/2020\/12\/BaluWeihnachten-1375x2048.jpg 1375w, http:\/\/lawn-valley.de\/wp-content\/uploads\/2020\/12\/BaluWeihnachten-scaled.jpg 1718w\" sizes=\"(max-width: 687px) 100vw, 687px\" \/><\/figure><\/li><\/ul><\/figure>\n","protected":false},"excerpt":{"rendered":"<p>Balu ist unser erster Hund.Er ist ein verschmuster, unkomplizierter und verspielter B\u00e4r, der ab und an seinen eigenen Kopf hat. Er ist Menschen und Hunden gegen\u00fcber freundlich, Konfrontationen mit &#8222;unp\u00e4sslichen&#8220; Hunden geht er aus dem Weg.F\u00fcr Simba ist er der gro\u00dfe &#8222;Bruder&#8220;, der sich gerne und jederzeit auf Raufen, Spielen und Toben einl\u00e4sst. Manchmal muss er den Kleinen in seine Schranken weisen, was er jedoch auf souver\u00e4ne und r\u00fccksichtsvolle Art macht. Noch ist er der Chef bei den beiden&#8230;..Seine Familie&#8230;<\/p>\n<p class=\"read-more\"><a class=\"btn btn-default\" href=\"http:\/\/lawn-valley.de\/?page_id=44\">Weiterlesen<span class=\"screen-reader-text\"> Weiterlesen<\/span><\/a><\/p>\n","protected":false},"author":1,"featured_media":0,"parent":0,"menu_order":0,"comment_status":"closed","ping_status":"closed","template":"","meta":[],"_links":{"self":[{"href":"http:\/\/lawn-valley.de\/index.php?rest_route=\/wp\/v2\/pages\/44"}],"collection":[{"href":"http:\/\/lawn-valley.de\/index.php?rest_route=\/wp\/v2\/pages"}],"about":[{"href":"http:\/\/lawn-valley.de\/index.php?rest_route=\/wp\/v2\/types\/page"}],"author":[{"embeddable":true,"href":"http:\/\/lawn-valley.de\/index.php?rest_route=\/wp\/v2\/users\/1"}],"replies":[{"embeddable":true,"href":"http:\/\/lawn-valley.de\/index.php?rest_route=%2Fwp%2Fv2%2Fcomments&post=44"}],"version-history":[{"count":3,"href":"http:\/\/lawn-valley.de\/index.php?rest_route=\/wp\/v2\/pages\/44\/revisions"}],"predecessor-version":[{"id":161,"href":"http:\/\/lawn-valley.de\/index.php?rest_route=\/wp\/v2\/pages\/44\/revisions\/161"}],"wp:attachment":[{"href":"http:\/\/lawn-valley.de\/index.php?rest_route=%2Fwp%2Fv2%2Fmedia&parent=44"}],"curies":[{"name":"wp","href":"https:\/\/api.w.org\/{rel}","templated":true}]}}