{"id":22,"date":"2019-10-04T11:24:47","date_gmt":"2019-10-04T11:24:47","guid":{"rendered":"http:\/\/golden-fahrnau.de\/?page_id=22"},"modified":"2024-01-08T07:00:12","modified_gmt":"2024-01-08T07:00:12","slug":"kontakt","status":"publish","type":"page","link":"https:\/\/lawn-valley.de\/?page_id=22","title":{"rendered":"Impressum"},"content":{"rendered":"\n<p>Sabine B\u00fchn<br> Im Grund 13<br> D &#8211; 79650 Schopfheim<br> <br> Tel.: 0049 7622 5656<br> E-Mail: <a href=\"mailto:info@golden-fahrnau.de\">info@lawn-valley.de<\/a><br> <\/p>\n\n\n\n<h1>Datenschutzerkl\u00e4rung<\/h1>\n\n\n\n<p>Verantwortliche Stelle im Sinne der Datenschutzgesetze, insbesondere \n\t\tder EU-Datenschutzgrundverordnung (DSGVO), ist:<\/p>\n\n\n\n<p>Sabine B\u00fchn<br> Im Grund 13<br> D &#8211; 79650 Schopfheim<br> <br> Tel.: 0049 7622 5656<br> E-Mail: <a href=\"mailto:info@golden-fahrnau.de\">info@lawn-valley.de<\/a><\/p>\n\n\n\n<h2>Ihre Betroffenenrechte<\/h2>\n\n\n\n<p>Unter den angegebenen Kontaktdaten unseres Datenschutzbeauftragten \n\t\tk\u00f6nnen Sie jederzeit folgende Rechte aus\u00fcben:<\/p>\n\n\n\n<ul>\n<li>Auskunft \u00fcber Ihre bei uns gespeicherten Daten und deren \n\t\t\tVerarbeitung,<\/li>\n\n\n\n<li>Berichtigung unrichtiger personenbezogener Daten,<\/li>\n\n\n\n<li>L\u00f6schung Ihrer bei uns gespeicherten Daten,<\/li>\n\n\n\n<li>Einschr\u00e4nkung der Datenverarbeitung, sofern wir Ihre Daten \n\t\t\taufgrund gesetzlicher Pflichten noch nicht l\u00f6schen d\u00fcrfen,<\/li>\n\n\n\n<li>Widerspruch gegen die Verarbeitung Ihrer Daten bei uns und<\/li>\n\n\n\n<li>Daten\u00fcbertragbarkeit, sofern Sie in die Datenverarbeitung \n\t\t\teingewilligt haben oder einen Vertrag mit uns abgeschlossen haben.<\/li>\n<\/ul>\n\n\n\n<p>Sofern Sie uns eine Einwilligung erteilt haben, k\u00f6nnen Sie diese \n\t\tjederzeit mit Wirkung f\u00fcr die Zukunft widerrufen.<\/p>\n\n\n\n<p>Sie k\u00f6nnen sich jederzeit mit einer Beschwerde an die f\u00fcr Sie \n\t\tzust\u00e4ndige Aufsichtsbeh\u00f6rde wenden. Ihre zust\u00e4ndige Aufsichtsbeh\u00f6rde \n\t\trichtet sich nach dem Bundesland Ihres Wohnsitzes, Ihrer Arbeit oder der \n\t\tmutma\u00dflichen Verletzung. Eine Liste der Aufsichtsbeh\u00f6rden (f\u00fcr den \n\t\tnicht\u00f6ffentlichen Bereich) mit Anschrift finden Sie unter:\n\t\t<a href=\"https:\/\/www.bfdi.bund.de\/DE\/Infothek\/Anschriften_Links\/anschriften_links-node.html\" target=\"_blank\" rel=\"noreferrer noopener\">\n\t\thttps:\/\/www.bfdi.bund.de\/DE\/Infothek\/Anschriften_Links\/anschriften_links-node.html<\/a>.<\/p>\n\n\n\n<h2>Zwecke der Datenverarbeitung durch die verantwortliche Stelle und \n\t\tDritte<\/h2>\n\n\n\n<p>Wir verarbeiten Ihre personenbezogenen Daten nur zu den in dieser \n\t\tDatenschutzerkl\u00e4rung genannten Zwecken. Eine \u00dcbermittlung Ihrer \n\t\tpers\u00f6nlichen Daten an Dritte zu anderen als den genannten Zwecken findet \n\t\tnicht statt. Wir geben Ihre pers\u00f6nlichen Daten nur an Dritte weiter, \n\t\twenn:<\/p>\n\n\n\n<ul>\n<li>Sie Ihre ausdr\u00fcckliche Einwilligung dazu erteilt haben,<\/li>\n\n\n\n<li>die Verarbeitung zur Abwicklung eines Vertrags mit Ihnen \n\t\t\terforderlich ist,<\/li>\n\n\n\n<li>die Verarbeitung zur Erf\u00fcllung einer rechtlichen Verpflichtung \n\t\t\terforderlich ist,<\/li>\n<\/ul>\n\n\n\n<p>die Verarbeitung zur Wahrung berechtigter Interessen erforderlich ist \n\t\tund kein Grund zur Annahme besteht, dass Sie ein \u00fcberwiegendes \n\t\tschutzw\u00fcrdiges Interesse an der Nichtweitergabe Ihrer Daten haben.<\/p>\n\n\n\n<h2>L\u00f6schung bzw. Sperrung der Daten<\/h2>\n\n\n\n<p>Wir halten uns an die Grunds\u00e4tze der Datenvermeidung und \n\t\tDatensparsamkeit. Wir speichern Ihre personenbezogenen Daten daher nur \n\t\tso lange, wie dies zur Erreichung der hier genannten Zwecke erforderlich \n\t\tist oder wie es die vom Gesetzgeber vorgesehenen vielf\u00e4ltigen \n\t\tSpeicherfristen vorsehen. Nach Fortfall des jeweiligen Zweckes bzw. \n\t\tAblauf dieser Fristen werden die entsprechenden Daten routinem\u00e4\u00dfig und \n\t\tentsprechend den gesetzlichen Vorschriften gesperrt oder gel\u00f6scht.<\/p>\n\n\n\n<h2>Erbringung kostenpflichtiger Leistungen<\/h2>\n\n\n\n<p>Es werden keine kostenpflichtigen Leistungen erbracht. <\/p>\n\n\n\n<h2><strong>\u00c4nderung unserer Datenschutzbestimmungen<\/strong><\/h2>\n\n\n\n<p>Wir behalten uns vor, diese Datenschutzerkl\u00e4rung anzupassen, damit \n\t\tsie stets den aktuellen rechtlichen Anforderungen entspricht oder um \n\t\t\u00c4nderungen unserer Leistungen in der Datenschutzerkl\u00e4rung umzusetzen, \n\t\tz.B. bei der Einf\u00fchrung neuer Services. F\u00fcr Ihren erneuten Besuch gilt \n\t\tdann die neue Datenschutzerkl\u00e4rung.<\/p>\n\n\n\n<h2><strong>Fragen an den Datenschutzbeauftragten<\/strong><\/h2>\n\n\n\n<p>Wenn Sie Fragen zum Datenschutz haben, schreiben Sie uns bitte eine \n\t\tE-Mail oder wenden Sie sich direkt an die f\u00fcr den Datenschutz \n\t\tverantwortliche Person in unserer Organisation:<\/p>\n\n\n\n<p><em>Die Datenschutzerkl\u00e4rung wurde mit dem <\/em>\n\t\t<a href=\"https:\/\/www.activemind.de\/datenschutz\/datenschutzhinweis-generator\/\" target=\"_blank\" rel=\"noreferrer noopener\">\n\t\t<em>Datenschutzerkl\u00e4rungs-Generator der activeMind \n\t\tAG erstellt<\/em><\/a><em>.<\/em><\/p>\n","protected":false},"excerpt":{"rendered":"<p>Sabine B\u00fchn Im Grund 13 D &#8211; 79650 Schopfheim Tel.: 0049 7622 5656 E-Mail: info@lawn-valley.de Datenschutzerkl\u00e4rung Verantwortliche Stelle im Sinne der Datenschutzgesetze, insbesondere der EU-Datenschutzgrundverordnung (DSGVO), ist: Sabine B\u00fchn Im Grund 13 D &#8211; 79650 Schopfheim Tel.: 0049 7622 5656 E-Mail: info@lawn-valley.de Ihre Betroffenenrechte Unter den angegebenen Kontaktdaten unseres Datenschutzbeauftragten k\u00f6nnen Sie jederzeit folgende Rechte aus\u00fcben: Sofern Sie uns eine Einwilligung erteilt haben, k\u00f6nnen Sie diese jederzeit mit Wirkung f\u00fcr die Zukunft widerrufen. Sie k\u00f6nnen sich jederzeit mit einer Beschwerde&#8230;<\/p>\n<p class=\"read-more\"><a class=\"btn btn-default\" href=\"https:\/\/lawn-valley.de\/?page_id=22\">Weiterlesen<span class=\"screen-reader-text\"> Weiterlesen<\/span><\/a><\/p>\n","protected":false},"author":1,"featured_media":0,"parent":0,"menu_order":0,"comment_status":"closed","ping_status":"closed","template":"","meta":[],"_links":{"self":[{"href":"https:\/\/lawn-valley.de\/index.php?rest_route=\/wp\/v2\/pages\/22"}],"collection":[{"href":"https:\/\/lawn-valley.de\/index.php?rest_route=\/wp\/v2\/pages"}],"about":[{"href":"https:\/\/lawn-valley.de\/index.php?rest_route=\/wp\/v2\/types\/page"}],"author":[{"embeddable":true,"href":"https:\/\/lawn-valley.de\/index.php?rest_route=\/wp\/v2\/users\/1"}],"replies":[{"embeddable":true,"href":"https:\/\/lawn-valley.de\/index.php?rest_route=%2Fwp%2Fv2%2Fcomments&post=22"}],"version-history":[{"count":5,"href":"https:\/\/lawn-valley.de\/index.php?rest_route=\/wp\/v2\/pages\/22\/revisions"}],"predecessor-version":[{"id":212,"href":"https:\/\/lawn-valley.de\/index.php?rest_route=\/wp\/v2\/pages\/22\/revisions\/212"}],"wp:attachment":[{"href":"https:\/\/lawn-valley.de\/index.php?rest_route=%2Fwp%2Fv2%2Fmedia&parent=22"}],"curies":[{"name":"wp","href":"https:\/\/api.w.org\/{rel}","templated":true}]}}